{"id":114,"date":"2021-04-15T14:19:04","date_gmt":"2021-04-15T12:19:04","guid":{"rendered":"https:\/\/bopat.sk\/?page_id=114"},"modified":"2021-04-16T11:39:15","modified_gmt":"2021-04-16T09:39:15","slug":"schlosserarbeiten","status":"publish","type":"page","link":"https:\/\/bopat.sk\/de\/schlosserarbeiten\/","title":{"rendered":"Schlosserarbeiten"},"content":{"rendered":"\n<section>\n    <div class=\"pb-10 mx-auto xl:py-10 xl:mr-24 2xl:mr-48\">\n        <div class=\"flex flex-col xl:relative xl:flex-row\">\n            <div class=\"w-full text-center xl:self-center xl:absolute xl:w-5\/12 xl:text-left\">\n                <div class=\"p-10 space-y-8 text-white md:p-20 bg-red\">\n                    <h1 class=\"text-xl font-bold uppercase sm:text-2xl 2xl:leading-normal md:text-3xl 2xl:text-4xl\">Schlosserarbeiten mit stahl-, edelstahl- und aluminiummaterial<\/h1>\n                    <p class=\"xl:text-2xl\">Effektive Verarbeitung verschiedenes metallisches Material nach individuellen Anforderungen und Kundenspezifikationen.<\/p>\n                <\/div>\n            <\/div>\n            <div class=\"xl:flex xl:justify-end\">\n                                <img decoding=\"async\" class=\"object-contain xl:h-full xl:w-3\/4\" loading=\"lazy\" src=\"https:\/\/bopat.sk\/wp-content\/uploads\/grinding-1.jpg\" alt=\"Br\u00fasenie\">\n            <\/div>\n        <\/div>\n    <\/div>\n<\/section>\n\n\n\n<section>\n    <div class=\"px-8 py-20 mx-auto space-y-12 lg:py-24 max-w-screen-2xl\">\n        <div class=\"flex items-center lg:space-x-16\">\n            <svg class=\"hidden text-red w-80 lg:block\" fill=\"currentColor\" width=\"300\" height=\"5\">\n                <rect width=\"300\" height=\"5\" \/>\n            <\/svg>\n            <h2 class=\"text-3xl font-bold leading-tight uppercase md:text-5xl\">Unterkategorien<\/h2>\n        <\/div>\n        <div class=\"grid grid-cols-1 gap-10 text-center md:grid-cols-2 md:text-left\">\n                                                <div class=\"flex flex-col items-center gap-4 px-8 py-8 md:px-12 md:gap-8 lg:flex-row shadow-outer rounded-xl group hover:text-white hover:bg-red\">\n                        <div>\n                            <svg class=\"w-20 h-20 transition-all duration-200 transform text-red group-hover:text-white group-hover:scale-125\" xmlns=\"http:\/\/www.w3.org\/2000\/svg\" fill=\"currentColor\" viewBox=\"0 0 64 64\">\n    <path d=\"M57.88,5H53.37a1.12,1.12,0,0,0-1.12,1.12V25.25h-18V10.63A1.13,1.13,0,0,0,33.12,9.5H17.37a1.13,1.13,0,0,0-1.12,1.13V25.25h-4.5V6.12A1.12,1.12,0,0,0,10.63,5H6.12A1.12,1.12,0,0,0,5,6.12V57.88A1.12,1.12,0,0,0,6.12,59h4.51a1.12,1.12,0,0,0,1.12-1.12V52.25h40.5v5.63A1.12,1.12,0,0,0,53.37,59h4.51A1.12,1.12,0,0,0,59,57.88V6.12A1.12,1.12,0,0,0,57.88,5ZM18.5,11.75h5.63v5.63a1.13,1.13,0,0,0,2.25,0V11.75H32v13.5H18.5Zm-11.25,45V7.25H9.5v19a.7.7,0,0,0,0,.14.53.53,0,0,0,0,.12V51a.7.7,0,0,0,0,.14.42.42,0,0,0,0,.12v5.48Zm9-6.75V38.75h4.5v3.38a1.13,1.13,0,0,0,2.25,0V38.75h4.5V50Zm18,0V36.5h5.62v5.63A1.13,1.13,0,0,0,41,43.25h0a1.14,1.14,0,0,0,1.13-1.13V36.5h5.62V50ZM50,50V35.38a1.14,1.14,0,0,0-1.13-1.13H33.12A1.13,1.13,0,0,0,32,35.38V50H29.75V37.63a1.12,1.12,0,0,0-1.13-1.13H15.12A1.12,1.12,0,0,0,14,37.63V50H11.75V27.5h40.5V50Zm6.75,6.75H54.5V7.25h2.25Z\" \/>\n<\/svg>\n                        <\/div>\n                        <p class=\"font-medium\">Stahlkonstruktionen, Podesten, Gel\u00e4nder, Regale, Absperrungen, Abfall- und Auffangwannen, chemisch best\u00e4ndige Wannen, St\u00e4nder \u00dcberd\u00e4cher, Stahltore, Z\u00e4une, Reparaturen von Stahlkonstruktionen, \u00d6fen, Demontage von Konstruktionen<\/p>\n                    <\/div>\n                                    <div class=\"flex flex-col items-center gap-4 px-8 py-8 md:px-12 md:gap-8 lg:flex-row shadow-outer rounded-xl group hover:text-white hover:bg-red\">\n                        <div>\n                            <svg class=\"w-20 h-20 transition-all duration-200 transform text-red group-hover:text-white group-hover:scale-125\" xmlns=\"http:\/\/www.w3.org\/2000\/svg\" fill=\"currentColor\" viewBox=\"0 0 64 64\">\n        <path d=\"M5.9,59H47.38a.9.9,0,0,0,.9-.9V51.8s0,0,0,0a.93.93,0,0,0-.05-.29s0,0,0,0a.83.83,0,0,0-.14-.22L38.69,40.15a2.72,2.72,0,0,0-2.07-.95h-6a28.74,28.74,0,0,1,2.88-4.51c.18,0,.38,0,.58.06l4.13.4A2.56,2.56,0,0,0,40,36.42h.21l.07,0,5.31,0h.07A3.26,3.26,0,0,0,47.26,36l1.2.13h.22c4-.31,8-4.45,9.6-10.08,1.53-5.38.56-10.63-2.39-13.22a3.35,3.35,0,0,0-1.82-2.2h0L50.39,9a2.55,2.55,0,0,0-2.28-.17l-5.4-2.69-.08,0a7,7,0,0,0-1.76-.78c-2.69-.76-5.63.1-8.29,2.42a16.93,16.93,0,0,0-3.23,3.87L13.43,5.07h0l-.15,0-.2,0H5.9a.9.9,0,0,0-.9.9V8.77a.84.84,0,0,0,.07.35.91.91,0,0,0,.11.16.57.57,0,0,0,.08.13,1,1,0,0,0,.3.19l21.1,8.71A18.88,18.88,0,0,0,27,28.61,44.4,44.4,0,0,0,24.41,39.2H16.66a2.71,2.71,0,0,0-2.07,1L5.21,51.22a1.64,1.64,0,0,0-.14.22v0a.67.67,0,0,0-.06.28s0,0,0,0v6.3a.9.9,0,0,0,.9.9Zm40.58-1.8H6.8V52.7H46.48ZM20.58,45.5a10.71,10.71,0,0,1,3.4-.77c0,.5,0,1,0,1.53a10.86,10.86,0,0,1-3.37-.76ZM28.76,29A23.08,23.08,0,0,1,31,24.73a8.45,8.45,0,0,1,.81-1.08s1.83-1.32,8.63,1.16a10.74,10.74,0,0,1-3,3.52,15.84,15.84,0,0,0-2.7,2.2c-.81.85-1.57,1.73-2.27,2.61a29.82,29.82,0,0,0-4.06,6.6h0a19.13,19.13,0,0,0-1.65,6.65l-.93,0a48.52,48.52,0,0,1,3-17.41ZM42,21.12a18,18,0,0,1-.75,2.06c-6.36-2.34-9.1-1.76-10.16-1.21a16.65,16.65,0,0,1,.6-3.77c1.46-5.1,5.05-8.75,7.84-8S43.41,16,42,21.12ZM45.8,9.71l4.27,2.14a11.55,11.55,0,0,1,.19,3.37,33,33,0,0,1-2.6,9.8,27.14,27.14,0,0,1-4.54,7.76,9.55,9.55,0,0,1-1,.94l-3.07-.3c3.25-1.93,6.06-5.83,7.46-10.73s1-9.63-.74-13Zm-17.12,35a12.32,12.32,0,0,1,4,.83,13,13,0,0,1-4.23.83,13.23,13.23,0,0,1,.22-1.66Zm16.93-10H43.78c.28-.27.51-.51.68-.7a29.56,29.56,0,0,0,4.86-8.27,34.6,34.6,0,0,0,2.73-10.34,13.56,13.56,0,0,0-.17-3.71l1.44.63h0a1.68,1.68,0,0,1,.87,1.23l0,.09a11.38,11.38,0,0,1,.13,3.19,28.25,28.25,0,0,1-1.91,8,28.73,28.73,0,0,1-3.67,7l-.32.44c-.72,1-1.8,2.51-2.87,2.51Zm10.93-9.12c-1.28,4.54-4.32,8.07-7.37,8.7.29-.36.54-.72.78-1l.3-.42a30.33,30.33,0,0,0,3.9-7.38,30,30,0,0,0,2-8.49c0-.18,0-.41,0-.66a13.82,13.82,0,0,1,.33,9.3ZM33.76,9.12c2.18-1.91,4.53-2.63,6.62-2,4.44,1.27,6.42,8,4.42,15.13-1.72,6-5.87,10.48-9.91,10.75.35-.4.71-.8,1.08-1.19a14.52,14.52,0,0,1,2.4-2,13.24,13.24,0,0,0,4.12-5.09s0,0,0-.07a18.35,18.35,0,0,0,1.17-3c1.77-6.25.14-12-3.72-13.1s-8.28,3-10.06,9.2A17.54,17.54,0,0,0,29.28,24c-.41.65-.8,1.32-1.15,2a18.82,18.82,0,0,1,.53-8.34,17.71,17.71,0,0,1,5.1-8.53ZM12.89,6.79l15.57,6.42a21.77,21.77,0,0,0-1.34,3.34L6.8,8.16V6.79ZM16,41.31a.9.9,0,0,1,.69-.32h7.57c-.06.63-.11,1.27-.14,1.92-2.38.21-5.56.82-5.56,2.58s3.59,2.44,5.93,2.61a.85.85,0,0,0,.38.09,1,1,0,0,0,.24,0c.48,0,1,0,1.56,0h.9l.11,0c2.2-.07,7.11-.48,7.11-2.67,0-1.77-3.16-2.39-5.65-2.6.19-.65.41-1.28.66-1.9h6.86a.89.89,0,0,1,.68.31l8.13,9.59H7.84Z\" \/>\n        <path d=\"M19.42,33.8a2.7,2.7,0,1,0-2.7-2.7h0A2.7,2.7,0,0,0,19.42,33.8Zm0-3.6a.9.9,0,1,1-.9.9h0a.9.9,0,0,1,.9-.9Z\" \/>\n        <circle cx=\"14.01\" cy=\"26.6\" r=\"0.9\" \/>\n        <circle cx=\"16.72\" cy=\"22.1\" r=\"0.9\" \/>\n<\/svg>\n                        <\/div>\n                        <p class=\"font-medium\">Produktion, Reparatur und Service von Edelstahl und Stahl gem\u00e4\u00df Auftrag, Service von Industrie\u00f6fen und Waschmaschinen<\/p>\n                    <\/div>\n                                    <div class=\"flex flex-col items-center gap-4 px-8 py-8 md:px-12 md:gap-8 lg:flex-row shadow-outer rounded-xl group hover:text-white hover:bg-red\">\n                        <div>\n                            <svg class=\"w-20 h-20 transition-all duration-200 transform text-red group-hover:text-white group-hover:scale-125\" xmlns=\"http:\/\/www.w3.org\/2000\/svg\" fill=\"currentColor\" viewBox=\"0 0 64 64\">\n    <path d=\"M54.66,12a4.21,4.21,0,0,0-4.1-3.24H13.44A4.23,4.23,0,0,0,9.33,12c-2.39.38-4,2.21-4.28,5a5,5,0,0,0,0,1.34c0,6.07,3.26,12.32,7.32,16.76l.94,17.07h0a3.16,3.16,0,0,0,3.15,2.94H47.33a3.38,3.38,0,0,0,3.37-2.94h0c.09-1.37.8-14.56.88-16A26.69,26.69,0,0,0,59,18C59.05,15.22,57.65,12.52,54.66,12ZM13.44,10.91H50.56a2.11,2.11,0,0,1,2.1,1.89,1,1,0,0,0,0,.43,2.12,2.12,0,0,1-2.1,1.9H44.65a3.16,3.16,0,0,0-3.16,3.16v8.44a1.06,1.06,0,0,1-2.11,0V24.62a3.17,3.17,0,1,0-6.33-.16v4.38a1,1,0,0,1-2.1,0h0V22.51a3.17,3.17,0,0,0-6.33-.11v2.22a1.06,1.06,0,0,1-2.11,0V18.29a3.16,3.16,0,0,0-3.16-3.16H13.44a2.12,2.12,0,0,1-2.1-1.89.86.86,0,0,0,0-.45,2.11,2.11,0,0,1,2.1-1.88ZM40.9,39.82a3.2,3.2,0,0,0-3.47-1.19,20.07,20.07,0,0,1-10.87,0,3.19,3.19,0,0,0-3.43,1.15,19,19,0,0,1-8.7-5.49L13.5,17.23h5.84a1.07,1.07,0,0,1,1.06,1.06v6.32a3.17,3.17,0,0,0,6.33,0v-2.1a1.05,1.05,0,1,1,2.1,0h0v6.32a3.17,3.17,0,0,0,6.33.16V24.61a1.06,1.06,0,0,1,2.11,0v2.11a3.17,3.17,0,1,0,6.33.16V18.29a1.06,1.06,0,0,1,1-1.06H50.5l-1,18A17.5,17.5,0,0,1,40.9,39.82Zm-16.23,1.5A1.05,1.05,0,0,1,26,40.67a22.3,22.3,0,0,0,12,0,1.05,1.05,0,0,1,1.32.68,1.12,1.12,0,0,1,.05.31,1,1,0,0,1-.71,1,24.38,24.38,0,0,1-13.34,0,1.06,1.06,0,0,1-.66-1.34ZM7.11,18a4.88,4.88,0,0,1,1-3.05,2.49,2.49,0,0,1,1.32-.78,4.23,4.23,0,0,0,2,2.51l.82,15C6.73,24.41,7.22,18.41,7.11,18ZM47.33,53.09H16.45a1.06,1.06,0,0,1-1-1L15.34,51H28.06a1,1,0,0,0,1.05-1,1.06,1.06,0,0,0-1.05-1.06H15.22l-.63-11.51a20,20,0,0,0,7.92,4.44,3.15,3.15,0,0,0,2.23,2.9,26.5,26.5,0,0,0,14.51,0,3.16,3.16,0,0,0,2.23-2.85,19,19,0,0,0,7.87-3.67l-.58,10.69H36.22a1.06,1.06,0,0,0,0,2.11H48.65l-.06,1.14a1.27,1.27,0,0,1-1.26,1ZM56.89,18a24.61,24.61,0,0,1-5.13,14.77l.88-16.1a4.23,4.23,0,0,0,2-2.5,2.49,2.49,0,0,1,1.32.78,4.88,4.88,0,0,1,1,3.05Z\" \/>\n<\/svg>\n                        <\/div>\n                        <p class=\"font-medium\">wir bieten Oberfl\u00e4chenbehandlung \u2013 synthetische Beschichtungen, Pulverbeschichtung, Verzinkung<\/p>\n                    <\/div>\n                                    <div class=\"flex flex-col items-center gap-4 px-8 py-8 md:px-12 md:gap-8 lg:flex-row shadow-outer rounded-xl group hover:text-white hover:bg-red\">\n                        <div>\n                            <svg class=\"w-20 h-20 transition-all duration-200 transform text-red group-hover:text-white group-hover:scale-125\" xmlns=\"http:\/\/www.w3.org\/2000\/svg\" fill=\"currentColor\" viewBox=\"0 0 64 64\">\n    <path d=\"M6.74,45.07V59H26.86a5.3,5.3,0,0,0,3.47-1.29l5.36-4.65a2.64,2.64,0,0,0,2.4,1.59h1.74A2.63,2.63,0,0,0,42.45,52V31.13a2.61,2.61,0,0,0-2.62-2.61V19.81a2.63,2.63,0,0,1,2.62-2.61h2.61v1.74h6.1v.55l-5.39,6.29,1.49,3,6.63-2.84.62,4.33H52V59h7V5H54.75l-.87,6.94L47.27,9.1l-1.5,3,1.38,1.62H45.07v1.74H42.45a4.36,4.36,0,0,0-4.35,4.36v8.7a2.64,2.64,0,0,0-2.62,2.62V42.8l-7.83,6.71V45.06a10.5,10.5,0,0,0-2.16-6.33,4.35,4.35,0,0,0,3-4.12V17.19a4.36,4.36,0,0,0-4.36-4.35H20.68a2.6,2.6,0,0,0-2.51,1.91,10.44,10.44,0,0,0-1.85-.17A11.31,11.31,0,0,0,11.66,36.2,10.51,10.51,0,0,0,6.74,45.07ZM57.26,32V57.26H53.77V32ZM47.84,11.84l.25-.49,5.51,2.36h1.81l.88-7h1V30.26h-1l-.87-6.1H53.6l-5.51,2.36L47.84,26l5.06-5.9V17.74Zm-1,3.61h1.84l1.49,1.75H46.81ZM18.06,19.81H15.69l-.89,2.67a3.49,3.49,0,0,0-.27,6.79A5.31,5.31,0,0,1,12,33.05l-1.18.7a9.57,9.57,0,0,1,5.48-17.42,9.35,9.35,0,0,1,1.75.17Zm0,15.5a9.29,9.29,0,0,1-5.46-.58l.31-.19a7,7,0,0,0,3.41-6v-.87h-.87a1.75,1.75,0,0,1,0-3.49h.63L17,21.55h1.11Zm6.1,1.92H20.68a.87.87,0,0,1-.87-.87V15.45a.87.87,0,0,1,.87-.87h3.48a2.61,2.61,0,0,1,2.61,2.62v2.61H24.16a2.61,2.61,0,0,0-2.61,2.61v4.36h1.74V22.42a.87.87,0,0,1,.87-.87h2.61v8.71H24.16a.87.87,0,0,1-.87-.87v-.87H21.55v.87A2.61,2.61,0,0,0,24.16,32h2.61v2.61a2.61,2.61,0,0,1-2.61,2.62ZM40.71,32H37.23v-.87a.87.87,0,0,1,.87-.87h1.74a.87.87,0,0,1,.87.87Zm0,1.74v8.48a3.82,3.82,0,0,0-2.12-.64h-.26a4.08,4.08,0,0,0-1.1.18v-8Zm-3.48,18,3.48-3V52a.87.87,0,0,1-.87.87H38.1a.87.87,0,0,1-.87-.87ZM24.35,56.22l-5.93-5.93,3.13-3.12,4.07,4.07-1.16,1,1.14,1.32L37,43.83a2.1,2.1,0,0,1,1.38-.51h.26A2.12,2.12,0,0,1,40,47L29.19,56.39a3.56,3.56,0,0,1-2.33.87h0A3.54,3.54,0,0,1,24.35,56.22Zm-7.16-7.16-4.58-4.58a2.21,2.21,0,0,1,3.13-3.12h0l4.58,4.58Zm-8.71-4A8.75,8.75,0,0,1,14,37a10.91,10.91,0,0,0,2.35.25,11.47,11.47,0,0,0,1.85-.17A2.6,2.6,0,0,0,20.68,39H23.4a8.59,8.59,0,0,1,2.5,6.1v4L17,40.13a3.95,3.95,0,0,0-5.59,5.58h0L22.93,57.26H8.48Z\" \/>\n    <rect x=\"23.29\" y=\"16.32\" width=\"1.74\" height=\"1.74\" \/>\n<\/svg>\n                        <\/div>\n                        <p class=\"font-medium\">CO, MIG, WIG-Schwei\u00dfen, Plasmaschneiden, Elektrodenschwei\u00dfen, einschlie\u00dflich feuerfester und s\u00e4urebest\u00e4ndiger Materialien, manuelles Plasmaschneiden bis zu der Materialst\u00e4rke von 45 mm<\/p>\n                    <\/div>\n                                    <\/div>\n    <\/div>\n<\/section>\n\n\n\n<section>\n    <div class=\"px-8 py-20 mx-auto lg:py-24 max-w-screen-2xl\">\n        <div class=\"grid items-center grid-cols-1 lg:gap-32 lg:grid-cols-2\">\n            <div class=\"xl:px-10\">\n                <div class=\"aspect-w-3 aspect-h-4\">\n                                                                <img decoding=\"async\" id=\"slide\" class=\"object-cover object-center\" loading=\"lazy\" src=\"https:\/\/bopat.sk\/wp-content\/uploads\/welder-3-683x1024.jpg\" alt=\"\">\n                                            <img decoding=\"async\" id=\"slide\" class=\"object-cover object-center\" loading=\"lazy\" src=\"https:\/\/bopat.sk\/wp-content\/uploads\/welder-2-683x1024.jpg\" alt=\"\">\n                                            <img decoding=\"async\" id=\"slide\" class=\"object-cover object-center\" loading=\"lazy\" src=\"https:\/\/bopat.sk\/wp-content\/uploads\/welder-4-683x1024.jpg\" alt=\"\">\n                                    <\/div>\n            <\/div>\n            <div class=\"flex flex-col pt-10\">\n                <h2 class=\"mb-10 text-3xl font-bold uppercase xl:leading-normal md:text-4xl xl:text-5xl lg:mb-20\">Vorherige Projekte<\/h2>\n                <p class=\"max-w-xl leading-relaxed lg:mb-20\">Schauen Sie sich die bisherigen Projekte an und entdecken Sie ein breites Spektrum unserer F\u00e4higkeiten. K\u00f6nnen Sie nicht finden, was Sie brauchen? Dies ist kein Problem, bitte kontaktieren Sie uns und wir werden Ihre Anfrage bearbeiten.<\/p>\n                <div class=\"flex items-center justify-between order-first max-w-md px-8 py-4 mb-10 xl:px-12 xl:py-8 bg-red lg:order-last lg:mb-0\">\n                    <div class=\"flex space-x-8\">\n                                                    <svg id=\"dot\" onclick=\"currentSlide(1)\" class=\"w-3 h-3 text-white cursor-pointer xl:w-4 xl:h-4\" xmlns=\"http:\/\/www.w3.org\/2000\/svg\" fill=\"currentColor\" viewBox=\"0 0 20 20\">\n                                <circle cx=\"10\" cy=\"10\" r=\"10\" \/>\n                            <\/svg>\n                                                    <svg id=\"dot\" onclick=\"currentSlide(2)\" class=\"w-3 h-3 text-white cursor-pointer xl:w-4 xl:h-4\" xmlns=\"http:\/\/www.w3.org\/2000\/svg\" fill=\"currentColor\" viewBox=\"0 0 20 20\">\n                                <circle cx=\"10\" cy=\"10\" r=\"10\" \/>\n                            <\/svg>\n                                                    <svg id=\"dot\" onclick=\"currentSlide(3)\" class=\"w-3 h-3 text-white cursor-pointer xl:w-4 xl:h-4\" xmlns=\"http:\/\/www.w3.org\/2000\/svg\" fill=\"currentColor\" viewBox=\"0 0 20 20\">\n                                <circle cx=\"10\" cy=\"10\" r=\"10\" \/>\n                            <\/svg>\n                                            <\/div>\n                    <div class=\"flex\">\n                        <button type=\"button\" class=\"cursor-pointer focus:outline-none\" onclick=\"changeSlide(-1)\">\n                            <svg class=\"w-8 h-8 text-white md:w-10 md:h-10 xl:w-14 xl:h-14\" xmlns=\"http:\/\/www.w3.org\/2000\/svg\" fill=\"none\" stroke=\"currentColor\" viewBox=\"0 0 24 24\">\n                                <path stroke-linecap=\"round\" stroke-linejoin=\"round\" stroke-width=\"2\" d=\"M15 19l-7-7 7-7\" \/>\n                            <\/svg>\n                        <\/button>\n                        <button type=\"button\" class=\"cursor-pointer focus:outline-none\" onclick=\"changeSlide(1)\">\n                            <svg class=\"w-8 h-8 text-white md:w-10 md:h-10 xl:w-14 xl:h-14\" xmlns=\"http:\/\/www.w3.org\/2000\/svg\" fill=\"none\" stroke=\"currentColor\" viewBox=\"0 0 24 24\">\n                                <path stroke-linecap=\"round\" stroke-linejoin=\"round\" stroke-width=\"2\" d=\"M9 5l7 7-7 7\" \/>\n                            <\/svg>\n                        <\/button>\n                    <\/div>\n                <\/div>\n            <\/div>\n        <\/div>\n    <\/div>\n<\/section>\n\n\n\n<section>\n    <div class=\"px-8 py-20 mx-auto space-y-12 lg:py-24 max-w-screen-2xl\">\n        <div class=\"flex items-center lg:space-x-16\">\n            <svg class=\"hidden text-red w-80 lg:block\" fill=\"currentColor\" width=\"300\" height=\"5\">\n                <rect width=\"300\" height=\"5\" \/>\n            <\/svg>\n            <h2 class=\"text-3xl font-bold leading-tight uppercase md:text-5xl\">Ich bin interessiert<\/h2>\n        <\/div>\n        \n<div class=\"wpcf7 no-js\" id=\"wpcf7-f186-o1\" lang=\"sk-SK\" dir=\"ltr\">\n<div class=\"screen-reader-response\"><p role=\"status\" aria-live=\"polite\" aria-atomic=\"true\"><\/p> <ul><\/ul><\/div>\n<form action=\"\/de\/wp-json\/wp\/v2\/pages\/114#wpcf7-f186-o1\" method=\"post\" class=\"wpcf7-form init\" aria-label=\"Contact form\" novalidate=\"novalidate\" data-status=\"init\">\n<div style=\"display: none;\">\n<input type=\"hidden\" name=\"_wpcf7\" value=\"186\" \/>\n<input type=\"hidden\" name=\"_wpcf7_version\" value=\"5.7.3\" \/>\n<input type=\"hidden\" name=\"_wpcf7_locale\" value=\"sk_SK\" \/>\n<input type=\"hidden\" name=\"_wpcf7_unit_tag\" value=\"wpcf7-f186-o1\" \/>\n<input type=\"hidden\" name=\"_wpcf7_container_post\" value=\"0\" \/>\n<input type=\"hidden\" name=\"_wpcf7_posted_data_hash\" value=\"\" \/>\n<input type=\"hidden\" name=\"_wpcf7_recaptcha_response\" value=\"\" \/>\n<\/div>\n<div class=\"grid grid-cols-1 gap-y-8 lg:gap-10 lg:grid-cols-3\">\n\t<div class=\"flex flex-col gap-8 lg:justify-between lg:gap-0\">\n\t\t<p><span class=\"wpcf7-form-control-wrap\" data-name=\"name\"><input size=\"40\" class=\"wpcf7-form-control wpcf7-text wpcf7-validates-as-required form-input\" aria-required=\"true\" aria-invalid=\"false\" placeholder=\"Name\" value=\"\" type=\"text\" name=\"name\" \/><\/span><span class=\"wpcf7-form-control-wrap\" data-name=\"phone\"><input size=\"40\" class=\"wpcf7-form-control wpcf7-text wpcf7-tel wpcf7-validates-as-required wpcf7-validates-as-tel form-input\" aria-required=\"true\" aria-invalid=\"false\" placeholder=\"Telefon\" value=\"\" type=\"tel\" name=\"phone\" \/><\/span><span class=\"wpcf7-form-control-wrap\" data-name=\"email\"><input size=\"40\" class=\"wpcf7-form-control wpcf7-text wpcf7-email wpcf7-validates-as-required wpcf7-validates-as-email form-input\" aria-required=\"true\" aria-invalid=\"false\" placeholder=\"Email\" value=\"\" type=\"email\" name=\"email\" \/><\/span>\n\t\t<\/p>\n\t<\/div>\n\t<div class=\"col-span-2\">\n\t\t<p><span class=\"wpcf7-form-control-wrap\" data-name=\"message\"><textarea cols=\"40\" rows=\"10\" class=\"wpcf7-form-control wpcf7-textarea wpcf7-validates-as-required form-textarea\" aria-required=\"true\" aria-invalid=\"false\" placeholder=\"Nachricht\" name=\"message\"><\/textarea><\/span>\n\t\t<\/p>\n\t<\/div>\n<\/div>\n<div class=\"float-right transform translate-x-4 -translate-y-3\/4\">\n\t<p><input class=\"wpcf7-form-control has-spinner wpcf7-submit form-button\" type=\"submit\" value=\"Senden\" \/>\n\t<\/p>\n<\/div><div class=\"wpcf7-response-output\" aria-hidden=\"true\"><\/div>\n<\/form>\n<\/div>\n\n    <\/div>\n<\/section>\n\n<!-- <section>\n    <div class=\"px-8 py-20 mx-auto space-y-12 lg:py-36 max-w-screen-2xl\">\n        <div class=\"flex items-center lg:space-x-16\">\n            <svg class=\"hidden text-red w-80 lg:block\" fill=\"currentColor\" width=\"300\" height=\"5\">\n                <rect width=\"300\" height=\"5\" \/>\n            <\/svg>\n            <h2 class=\"text-3xl font-bold leading-tight uppercase md:text-5xl\">M\u00e1m z\u00e1ujem<\/h2>\n        <\/div>\n        <form action=\"\">\n            <div class=\"grid grid-cols-1 gap-y-8 lg:gap-10 lg:grid-cols-3\">\n                <div class=\"flex flex-col gap-8 lg:justify-between lg:gap-0\">\n                    <input class=\"form-input\" type=\"text\" name=\"name\" id=\"name\" placeholder=\"Name\" required>\n                    <input class=\"form-input\" type=\"text\" name=\"phone\" id=\"phone\" placeholder=\"Phone\" required>\n                    <input class=\"form-input\" type=\"email\" name=\"email\" id=\"email\" placeholder=\"Email\" required>\n                <\/div>\n                <div class=\"col-span-2\">\n                    <textarea class=\"form-textarea\" name=\"message\" id=\"message\" placeholder=\"Message\" cols=\"30\" rows=\"10\" required><\/textarea>\n                <\/div>\n            <\/div>\n            <div class=\"float-right transform translate-x-4 -translate-y-3\/4\">\n                <button class=\"form-button\" type=\"submit\">Send<\/button>\n            <\/div>\n        <\/form>\n    <\/div>\n<\/section> -->","protected":false},"excerpt":{"rendered":"","protected":false},"author":1,"featured_media":0,"parent":0,"menu_order":2,"comment_status":"closed","ping_status":"closed","template":"","meta":[],"acf":[],"yoast_head":"<!-- This site is optimized with the Yoast SEO plugin v20.0 - https:\/\/yoast.com\/wordpress\/plugins\/seo\/ -->\n<title>Schlosserarbeiten - Bopat<\/title>\n<meta name=\"robots\" content=\"index, follow, max-snippet:-1, max-image-preview:large, max-video-preview:-1\" \/>\n<link rel=\"canonical\" href=\"https:\/\/bopat.sk\/de\/schlosserarbeiten\/\" \/>\n<meta property=\"og:locale\" content=\"de_DE\" \/>\n<meta property=\"og:type\" content=\"article\" \/>\n<meta property=\"og:title\" content=\"Schlosserarbeiten - Bopat\" \/>\n<meta property=\"og:url\" content=\"https:\/\/bopat.sk\/de\/schlosserarbeiten\/\" \/>\n<meta property=\"og:site_name\" content=\"Bopat\" \/>\n<meta property=\"article:modified_time\" content=\"2021-04-16T09:39:15+00:00\" \/>\n<meta name=\"twitter:card\" content=\"summary_large_image\" \/>\n<script type=\"application\/ld+json\" class=\"yoast-schema-graph\">{\"@context\":\"https:\/\/schema.org\",\"@graph\":[{\"@type\":\"WebPage\",\"@id\":\"https:\/\/bopat.sk\/de\/schlosserarbeiten\/\",\"url\":\"https:\/\/bopat.sk\/de\/schlosserarbeiten\/\",\"name\":\"Schlosserarbeiten - Bopat\",\"isPartOf\":{\"@id\":\"https:\/\/bopat.sk\/#website\"},\"datePublished\":\"2021-04-15T12:19:04+00:00\",\"dateModified\":\"2021-04-16T09:39:15+00:00\",\"breadcrumb\":{\"@id\":\"https:\/\/bopat.sk\/de\/schlosserarbeiten\/#breadcrumb\"},\"inLanguage\":\"de-DE\",\"potentialAction\":[{\"@type\":\"ReadAction\",\"target\":[\"https:\/\/bopat.sk\/de\/schlosserarbeiten\/\"]}]},{\"@type\":\"BreadcrumbList\",\"@id\":\"https:\/\/bopat.sk\/de\/schlosserarbeiten\/#breadcrumb\",\"itemListElement\":[{\"@type\":\"ListItem\",\"position\":1,\"name\":\"Domovsk\u00e1 str\u00e1nka\",\"item\":\"https:\/\/bopat.sk\/de\/\"},{\"@type\":\"ListItem\",\"position\":2,\"name\":\"Schlosserarbeiten\"}]},{\"@type\":\"WebSite\",\"@id\":\"https:\/\/bopat.sk\/#website\",\"url\":\"https:\/\/bopat.sk\/\",\"name\":\"Bopat\",\"description\":\"\",\"potentialAction\":[{\"@type\":\"SearchAction\",\"target\":{\"@type\":\"EntryPoint\",\"urlTemplate\":\"https:\/\/bopat.sk\/?s={search_term_string}\"},\"query-input\":\"required name=search_term_string\"}],\"inLanguage\":\"de-DE\"}]}<\/script>\n<!-- \/ Yoast SEO plugin. -->","yoast_head_json":{"title":"Schlosserarbeiten - Bopat","robots":{"index":"index","follow":"follow","max-snippet":"max-snippet:-1","max-image-preview":"max-image-preview:large","max-video-preview":"max-video-preview:-1"},"canonical":"https:\/\/bopat.sk\/de\/schlosserarbeiten\/","og_locale":"de_DE","og_type":"article","og_title":"Schlosserarbeiten - Bopat","og_url":"https:\/\/bopat.sk\/de\/schlosserarbeiten\/","og_site_name":"Bopat","article_modified_time":"2021-04-16T09:39:15+00:00","twitter_card":"summary_large_image","schema":{"@context":"https:\/\/schema.org","@graph":[{"@type":"WebPage","@id":"https:\/\/bopat.sk\/de\/schlosserarbeiten\/","url":"https:\/\/bopat.sk\/de\/schlosserarbeiten\/","name":"Schlosserarbeiten - Bopat","isPartOf":{"@id":"https:\/\/bopat.sk\/#website"},"datePublished":"2021-04-15T12:19:04+00:00","dateModified":"2021-04-16T09:39:15+00:00","breadcrumb":{"@id":"https:\/\/bopat.sk\/de\/schlosserarbeiten\/#breadcrumb"},"inLanguage":"de-DE","potentialAction":[{"@type":"ReadAction","target":["https:\/\/bopat.sk\/de\/schlosserarbeiten\/"]}]},{"@type":"BreadcrumbList","@id":"https:\/\/bopat.sk\/de\/schlosserarbeiten\/#breadcrumb","itemListElement":[{"@type":"ListItem","position":1,"name":"Domovsk\u00e1 str\u00e1nka","item":"https:\/\/bopat.sk\/de\/"},{"@type":"ListItem","position":2,"name":"Schlosserarbeiten"}]},{"@type":"WebSite","@id":"https:\/\/bopat.sk\/#website","url":"https:\/\/bopat.sk\/","name":"Bopat","description":"","potentialAction":[{"@type":"SearchAction","target":{"@type":"EntryPoint","urlTemplate":"https:\/\/bopat.sk\/?s={search_term_string}"},"query-input":"required name=search_term_string"}],"inLanguage":"de-DE"}]}},"_links":{"self":[{"href":"https:\/\/bopat.sk\/de\/wp-json\/wp\/v2\/pages\/114"}],"collection":[{"href":"https:\/\/bopat.sk\/de\/wp-json\/wp\/v2\/pages"}],"about":[{"href":"https:\/\/bopat.sk\/de\/wp-json\/wp\/v2\/types\/page"}],"author":[{"embeddable":true,"href":"https:\/\/bopat.sk\/de\/wp-json\/wp\/v2\/users\/1"}],"replies":[{"embeddable":true,"href":"https:\/\/bopat.sk\/de\/wp-json\/wp\/v2\/comments?post=114"}],"version-history":[{"count":0,"href":"https:\/\/bopat.sk\/de\/wp-json\/wp\/v2\/pages\/114\/revisions"}],"wp:attachment":[{"href":"https:\/\/bopat.sk\/de\/wp-json\/wp\/v2\/media?parent=114"}],"curies":[{"name":"wp","href":"https:\/\/api.w.org\/{rel}","templated":true}]}}