{"id":113,"date":"2021-04-15T14:12:36","date_gmt":"2021-04-15T12:12:36","guid":{"rendered":"https:\/\/bopat.sk\/?page_id=113"},"modified":"2021-04-16T11:36:02","modified_gmt":"2021-04-16T09:36:02","slug":"home","status":"publish","type":"page","link":"https:\/\/bopat.sk\/de\/","title":{"rendered":"Home"},"content":{"rendered":"\n<section>\n    <div class=\"relative\">\n        <div class=\"w-full px-8 py-12 mx-auto md:py-20 max-w-screen-2xl\">\n            <div class=\"text-center lg:w-1\/2 space-y-14 lg:text-left\">\n                <h1 class=\"text-2xl font-bold uppercase 2xl:leading-normal md:text-4xl 2xl:text-5xl\">Professionelle und qualit\u00e4tsvolle Ausf\u00fchrung von montages\u00e4tzen, schlosser und Installateurarbeiten<\/h1>\n                <p class=\"max-w-xl leading-relaxed\">Wir setzen unsere Erfahrungen und F\u00e4higkeiten ehrlich in jede Arbeit ein, unabh\u00e4ngig davon, ob es sich um einen kleinen oder einen gro\u00dfen Auftrag handelt. Ziel ist es, die zugewiesene Aufgabe so zu erf\u00fcllen, dass unsere Qualit\u00e4ten damit repr\u00e4sentiert werden.<\/p>\n                <a class=\"inline-flex items-center px-6 py-4 text-lg font-semibold border-2 hover:text-white hover:bg-red border-red text-red\" href=\"\">\n                    Mehr Informationen                    <svg class=\"w-8 h-auto ml-4 -mr-0.5\" xmlns=\"http:\/\/www.w3.org\/2000\/svg\" fill=\"none\" stroke=\"currentColor\" viewBox=\"0 0 24 24\">\n                        <path stroke-linecap=\"round\" stroke-linejoin=\"round\" stroke-width=\"2\" d=\"M17 8l4 4m0 0l-4 4m4-4H3\" \/>\n                    <\/svg>\n                <\/a>\n            <\/div>\n        <\/div>\n        <div class=\"relative w-full h-64 overflow-hidden sm:h-72 md:h-96 lg:absolute lg:inset-y-0 lg:right-0 lg:w-1\/2 lg:h-full\">\n                                        <img decoding=\"async\" id=\"slide\" class=\"absolute inset-0 object-cover w-full h-full lg:ml-12\" loading=\"lazy\" src=\"https:\/\/bopat.sk\/wp-content\/uploads\/welder-1-1024x683.jpg\" alt=\"\">\n                            <img decoding=\"async\" id=\"slide\" class=\"absolute inset-0 object-cover w-full h-full lg:ml-12\" loading=\"lazy\" src=\"https:\/\/bopat.sk\/wp-content\/uploads\/pipes-2-1024x683.jpg\" alt=\"\">\n                            <img decoding=\"async\" id=\"slide\" class=\"absolute inset-0 object-cover w-full h-full lg:ml-12\" loading=\"lazy\" src=\"https:\/\/bopat.sk\/wp-content\/uploads\/mounting-kit-1-1024x683.jpg\" alt=\"\">\n                        <div class=\"absolute inset-x-0 bottom-0 flex items-center p-5 space-x-4 w-min bg-red lg:ml-12\">\n                <div class=\"flex\">\n                    <button type=\"button\" class=\"cursor-pointer focus:outline-none\" onclick=\"changeSlide(-1)\">\n                        <svg class=\"w-8 h-8 text-white md:w-10 md:h-10\" xmlns=\"http:\/\/www.w3.org\/2000\/svg\" fill=\"none\" stroke=\"currentColor\" viewBox=\"0 0 24 24\">\n                            <path stroke-linecap=\"round\" stroke-linejoin=\"round\" stroke-width=\"2\" d=\"M15 19l-7-7 7-7\" \/>\n                        <\/svg>\n                    <\/button>\n                    <button type=\"button\" class=\"cursor-pointer focus:outline-none\" onclick=\"changeSlide(1)\">\n                        <svg class=\"w-8 h-8 text-white md:w-10 md:h-10\" xmlns=\"http:\/\/www.w3.org\/2000\/svg\" fill=\"none\" stroke=\"currentColor\" viewBox=\"0 0 24 24\">\n                            <path stroke-linecap=\"round\" stroke-linejoin=\"round\" stroke-width=\"2\" d=\"M9 5l7 7-7 7\" \/>\n                        <\/svg>\n                    <\/button>\n                <\/div>\n                <div class=\"flex pr-2 space-x-4\">\n                                            <svg id=\"dot\" onclick=\"currentSlide(1)\" class=\"w-3 h-3 text-white cursor-pointer\" xmlns=\"http:\/\/www.w3.org\/2000\/svg\" fill=\"currentColor\" viewBox=\"0 0 20 20\">\n                            <circle cx=\"10\" cy=\"10\" r=\"10\" \/>\n                        <\/svg>\n                                            <svg id=\"dot\" onclick=\"currentSlide(2)\" class=\"w-3 h-3 text-white cursor-pointer\" xmlns=\"http:\/\/www.w3.org\/2000\/svg\" fill=\"currentColor\" viewBox=\"0 0 20 20\">\n                            <circle cx=\"10\" cy=\"10\" r=\"10\" \/>\n                        <\/svg>\n                                            <svg id=\"dot\" onclick=\"currentSlide(3)\" class=\"w-3 h-3 text-white cursor-pointer\" xmlns=\"http:\/\/www.w3.org\/2000\/svg\" fill=\"currentColor\" viewBox=\"0 0 20 20\">\n                            <circle cx=\"10\" cy=\"10\" r=\"10\" \/>\n                        <\/svg>\n                                    <\/div>\n            <\/div>\n        <\/div>\n    <\/div>\n<\/section>\n\n\n\n<section>\n    <div class=\"px-8 py-20 mx-auto space-y-12 lg:py-24 max-w-screen-2xl\">\n        <div class=\"flex items-center lg:space-x-16\">\n            <svg class=\"hidden text-red w-80 lg:block\" fill=\"currentColor\" width=\"300\" height=\"5\">\n                <rect width=\"300\" height=\"5\" \/>\n            <\/svg>\n            <h2 class=\"text-3xl font-bold leading-tight uppercase md:text-5xl\">Dienste<\/h2>\n        <\/div>\n        <div class=\"grid grid-cols-1 gap-10 xl:grid-cols-3\">\n                                                <a class=\"relative flex px-8 pt-10 pb-16 overflow-hidden transition-all duration-200 transform md:px-12 shadow-outer group rounded-xl h-80 md:h-144 hover:scale-105\" href=\"https:\/\/bopat.sk\/de\/schlosserarbeiten\/\">\n                        <div class=\"absolute inset-0\">\n                                                        <img decoding=\"async\" class=\"object-cover w-full h-full\" loading=\"lazy\" src=\"https:\/\/bopat.sk\/wp-content\/uploads\/tubes-1.jpg\" alt=\"Trubky\">\n                            <div class=\"absolute inset-0 transition-all duration-200 group-hover:bg-red\" style=\"mix-blend-mode: multiply;\"><\/div>\n                        <\/div>\n                        <h3 class=\"relative text-2xl font-bold leading-tight uppercase text-gray group-hover:text-white md:text-4xl\">Schlosser&shy;arbeiten<\/h3>\n                    <\/a>\n                                    <a class=\"relative flex px-8 pt-10 pb-16 overflow-hidden transition-all duration-200 transform md:px-12 shadow-outer group rounded-xl h-80 md:h-144 hover:scale-105\" href=\"https:\/\/bopat.sk\/de\/installateurarbeiten\/\">\n                        <div class=\"absolute inset-0\">\n                                                        <img decoding=\"async\" class=\"object-cover w-full h-full\" loading=\"lazy\" src=\"https:\/\/bopat.sk\/wp-content\/uploads\/siphon-1.jpg\" alt=\"Sif\u00f3n\">\n                            <div class=\"absolute inset-0 transition-all duration-200 group-hover:bg-red\" style=\"mix-blend-mode: multiply;\"><\/div>\n                        <\/div>\n                        <h3 class=\"relative text-2xl font-bold leading-tight uppercase text-gray group-hover:text-white md:text-4xl\">Installateur&shy;arbeiten<\/h3>\n                    <\/a>\n                                    <a class=\"relative flex px-8 pt-10 pb-16 overflow-hidden transition-all duration-200 transform md:px-12 shadow-outer group rounded-xl h-80 md:h-144 hover:scale-105\" href=\"https:\/\/bopat.sk\/de\/montagesaetze\/\">\n                        <div class=\"absolute inset-0\">\n                                                        <img decoding=\"async\" class=\"object-cover w-full h-full\" loading=\"lazy\" src=\"https:\/\/bopat.sk\/wp-content\/uploads\/shelf-1.jpg\" alt=\"Polica\">\n                            <div class=\"absolute inset-0 transition-all duration-200 group-hover:bg-red\" style=\"mix-blend-mode: multiply;\"><\/div>\n                        <\/div>\n                        <h3 class=\"relative text-2xl font-bold leading-tight uppercase text-gray group-hover:text-white md:text-4xl\">Montage&shy;s\u00e4tze<\/h3>\n                    <\/a>\n                                    <\/div>\n    <\/div>\n<\/section>\n\n\n\n<section class=\"bg-red\">\n    <div class=\"px-8 py-20 mx-auto lg:py-24 max-w-screen-2xl\">\n        <div class=\"grid items-center grid-cols-1 gap-10 md:grid-cols-2 xl:grid-cols-4\">\n                                                <a href=\"https:\/\/www.zf.com\/slovakia\/sk\/home\/home.html\" target=\"_blank\" rel=\"noopener\">\n                                                <img decoding=\"async\" class=\"transition-all duration-200 transform hover:scale-125\" loading=\"lazy\" src=\"https:\/\/bopat.sk\/wp-content\/uploads\/zf.png\" alt=\"ZF\">\n                    <\/a>\n                                    <a href=\"https:\/\/www.sklounion.sk\/\" target=\"_blank\" rel=\"noopener\">\n                                                <img decoding=\"async\" class=\"transition-all duration-200 transform hover:scale-125\" loading=\"lazy\" src=\"https:\/\/bopat.sk\/wp-content\/uploads\/sklo-union.png\" alt=\"SkloUnion\">\n                    <\/a>\n                                    <a href=\"https:\/\/www.wienerberger.sk\/\" target=\"_blank\" rel=\"noopener\">\n                                                <img decoding=\"async\" class=\"transition-all duration-200 transform hover:scale-125\" loading=\"lazy\" src=\"https:\/\/bopat.sk\/wp-content\/uploads\/wienerberger.png\" alt=\"Wienerberger\">\n                    <\/a>\n                                    <a href=\"https:\/\/www.domovasprava.sk\/\" target=\"_blank\" rel=\"noopener\">\n                                                <img decoding=\"async\" class=\"transition-all duration-200 transform hover:scale-125\" loading=\"lazy\" src=\"https:\/\/bopat.sk\/wp-content\/uploads\/domova-sprava.png\" alt=\"Domov\u00e1 spr\u00e1va\">\n                    <\/a>\n                                    <\/div>\n    <\/div>\n<\/section>\n\n\n\n<section>\n    <div class=\"px-8 py-20 mx-auto lg:py-24 max-w-screen-2xl\">\n        <div class=\"grid items-center grid-cols-1 lg:gap-32 lg:grid-cols-2\">\n            <div class=\"xl:px-10\">\n                <div class=\"aspect-w-3 aspect-h-4\">\n                                        <img decoding=\"async\" class=\"object-cover object-center\" loading=\"lazy\" src=\"https:\/\/bopat.sk\/wp-content\/uploads\/workers-1.jpg\" alt=\"Pracovn\u00edci\">\n                <\/div>\n            <\/div>\n            <div class=\"py-20 space-y-10 xl:space-y-20\">\n                <h2 class=\"text-3xl font-bold uppercase xl:leading-normal md:text-4xl xl:text-5xl\">Erfahrung und Flexibilit\u00e4t bei praktischen L\u00f6sungen<\/h2>\n                <p class=\"max-w-xl leading-relaxed\">Das Unternehmen BOPAT bietet hochwertige Dienstleistungen im Bereich Metallkonstruktionen und Metallprodukte an. Wir legen Wert auf die Zuverl\u00e4ssigkeit und Professionalit\u00e4t von Mitarbeitern und Vertragspartnern und stehen deswegen hinter den Ergebnissen unserer Arbeit.<\/p>\n                <svg class=\"w-52 xl:w-72\" xmlns=\"http:\/\/www.w3.org\/2000\/svg\" viewBox=\"0 0 303.73 206.45\">\n                    <text class=\"text-2xl font-medium\" transform=\"translate(103.73 193.22)\">\n                        CEO                    <\/text>\n                    <text class=\"text-2xl\" transform=\"translate(103.73 163.22)\">\n                        Patrik Bohunick\u00fd                    <\/text>\n                    <g class=\"text-red\">\n                        <path d=\"M65,63.16A6.18,6.18,0,0,1,63.12,57a17.12,17.12,0,0,1,2.74-6.13c.63-.93,1.32-1.81,2-2.69s1.47-1.7,2.25-2.49l2.4-2.34,1.31-1.1c.45-.36.94-.66,1.41-1a18.48,18.48,0,0,1,6.38-2.58,22.13,22.13,0,0,1,6.89-.22,36.33,36.33,0,0,1,12.83,4.42,60.92,60.92,0,0,1,11,7.86,55.4,55.4,0,0,1,4.77,4.8c.74.86,1.47,1.74,2.15,2.66s1.32,1.91,1.91,2.83a61.35,61.35,0,0,1,6.1,12,27.63,27.63,0,0,1,1.61,13.59,20.13,20.13,0,0,1-2.26,6.56,22.91,22.91,0,0,1-4.22,5.43A38.81,38.81,0,0,1,111,105.92c-2.06.89-4.13,1.66-6.19,2.47s-4.14,1.58-6.22,2.34-4.14,1.56-6.22,2.3-4.16,1.52-6.25,2.25l-25,9c-8.32,3-16.64,6.07-25,9-4.19,1.42-8.37,2.9-12.6,4.23l-6.29,2a27.89,27.89,0,0,0-2.65,1.1A23.87,23.87,0,0,0,12.11,142a14.06,14.06,0,0,0-3.94,3.55,8.73,8.73,0,0,0-1.08,2.05,7.67,7.67,0,0,0-.37,2.19A11,11,0,0,0,8,154.65a24.67,24.67,0,0,0,3.23,4.85c2.78,3.3,5.66,6.63,8.59,9.82s6,6.27,9.19,9.17a99.39,99.39,0,0,0,10,8.12A72.67,72.67,0,0,0,50,193c4,1.82,8.05,3.82,12,5.54a36.78,36.78,0,0,0,12,3.27c.51.06,1,.1,1.56.11s1,.06,1.58,0c1.06,0,2.12,0,3.12-.06a14.07,14.07,0,0,0,2.81-.45,2.53,2.53,0,0,0,1.45-.8,1,1,0,0,0,.11-.56,4.46,4.46,0,0,0-.2-1.09,14.4,14.4,0,0,0-1.21-2.65c-1-1.82-2.23-3.63-3.45-5.46q-7.45-11.06-14.36-22.4T52.11,145.43c-1-2-2.13-3.9-3.19-5.85l-1.56-3c-.53-1-1.08-1.94-1.59-2.93l-3.07-6c-1-2-2-4-2.89-6.08l-1.3-3.13c-.42-1-.91-2.06-1.24-3.16l-1.1-3.24-.54-1.62-.43-1.64-.86-3.27c-.29-1.09-.49-2.21-.73-3.31-.5-2.21-.85-4.45-1.22-6.68a101.22,101.22,0,0,1-.52-27.21,136.73,136.73,0,0,1,6-26.35c.33-1.07.7-2.12,1-3.18l.53-1.59c.2-.55.44-1.15.66-1.72a15.49,15.49,0,0,1,4.59-6.42A10.91,10.91,0,0,1,46.55,28a7.49,7.49,0,0,1,1-.41,6.4,6.4,0,0,1,1-.33A10.71,10.71,0,0,1,50.74,27c.35,0,.7,0,1,0l1,.1a19.81,19.81,0,0,1,7.1,2.49,50.21,50.21,0,0,1,10.87,8.66A68.81,68.81,0,0,1,79.4,48.84,25.57,25.57,0,0,1,81.16,52a30.17,30.17,0,0,1,1.28,3.31A49.77,49.77,0,0,1,84.13,62,58,58,0,0,1,85,75.67a44,44,0,0,1-2.87,13.49,32.25,32.25,0,0,1-7.78,11.5,29.94,29.94,0,0,1-5.66,4.17,13.68,13.68,0,0,1-7.19,1.71,12.11,12.11,0,0,1-6.85-2.82,21.41,21.41,0,0,1-4.59-5.4,41.94,41.94,0,0,1-4.88-12.75,59.59,59.59,0,0,1-1.38-13.45,48.39,48.39,0,0,1,2-13.42c.7-2.2,1.57-4.25,2.42-6.3s1.75-4.09,2.71-6.11A57.58,57.58,0,0,1,57.8,34.61a13.9,13.9,0,0,1,2.62-2.52,7.21,7.21,0,0,1,1.8-1,4.66,4.66,0,0,1,2.28-.21,4.9,4.9,0,0,1,2.1.92A8.53,8.53,0,0,1,68,33.3a15.88,15.88,0,0,1,1.77,3.2A58.46,58.46,0,0,1,73,49.72c.34,2.22.6,4.43.8,6.66s.47,4.44.53,6.69l.15,3.35c.07,1.12,0,2.24,0,3.36v3.37l-.17,3.37c-.07,2.24-.36,4.48-.59,6.72-.13,1.12-.34,2.23-.5,3.35L73,88.26l-.35,1.66a66.65,66.65,0,0,1-4,13,34.91,34.91,0,0,1-3.33,6.2l-.28.37-.32.4a10.28,10.28,0,0,1-.71.76,6.11,6.11,0,0,1-2,1.35,3.78,3.78,0,0,1-1.7.23,3.35,3.35,0,0,1-1.71-.67,3.23,3.23,0,0,1-.58-.53l-.25-.27-.18-.26c-.12-.18-.24-.36-.33-.53l-.25-.5a15,15,0,0,1-1-3.71q-.26-1.77-.33-3.48c-.12-2.3-.12-4.55,0-6.8.17-4.48.56-8.92,1-13.34l3.57.35c-.39,4.37-.7,8.75-.78,13.1-.05,2.17,0,4.33.09,6.46a31.19,31.19,0,0,0,.31,3.11,11.26,11.26,0,0,0,.7,2.68,1.74,1.74,0,0,0,.34.55l-.07,0-.13,0h-.08a2.44,2.44,0,0,0,.69-.5l.42-.46.2-.25.21-.29a33.08,33.08,0,0,0,2.92-5.48,63.46,63.46,0,0,0,3.78-12.26l.34-1.58.25-1.6c.17-1.07.37-2.13.5-3.21.22-2.16.55-4.3.65-6.47L70.82,73l.07-3.27c0-1.09.07-2.17,0-3.26l-.1-3.27c0-2.19-.23-4.36-.37-6.54s-.33-4.36-.6-6.53-.58-4.31-1-6.43a36.14,36.14,0,0,0-1.69-6.13A12.85,12.85,0,0,0,65.79,35,3.17,3.17,0,0,0,64,33.59a2.91,2.91,0,0,0-2.12.65,11.54,11.54,0,0,0-2.18,2,34.41,34.41,0,0,0-3.63,5.26c-1.09,1.88-2.1,3.82-3,5.79s-1.82,4-2.67,6a63.9,63.9,0,0,0-2.31,6.08,45.77,45.77,0,0,0-1.76,12.74A56.79,56.79,0,0,0,47.76,85a39.64,39.64,0,0,0,4.66,11.86,18.24,18.24,0,0,0,4,4.59,9.18,9.18,0,0,0,5.24,2.09,10.68,10.68,0,0,0,5.51-1.46,27.26,27.26,0,0,0,4.91-3.77,28.77,28.77,0,0,0,6.76-10.42,40.13,40.13,0,0,0,2.36-12.4,53.16,53.16,0,0,0-1.08-12.71,44.65,44.65,0,0,0-1.67-6.12,27,27,0,0,0-1.16-2.85,21.86,21.86,0,0,0-1.53-2.6,65.16,65.16,0,0,0-8.26-9.75,45.8,45.8,0,0,0-9.94-7.63A14.79,14.79,0,0,0,52.23,32a5.57,5.57,0,0,0-4.37,1.17A10.67,10.67,0,0,0,45,37.54c-.16.47-.33.9-.5,1.39L44,40.5c-.32,1-.66,2.09-1,3.14A135.84,135.84,0,0,0,37.86,69a95.05,95.05,0,0,0-.42,12.85,110.09,110.09,0,0,0,1.08,12.82c.33,2.13.63,4.26,1.09,6.37.22,1.06.4,2.12.62,3.18l.72,3.17L41.3,109l.42,1.55.81,3.11c.57,2.07,1.25,4.14,1.88,6.21a155,155,0,0,0,10.18,24.23c4.15,7.76,8.68,15.33,13.35,22.8s9.64,14.76,14.77,21.91c1.3,1.8,2.62,3.61,3.83,5.61a18.77,18.77,0,0,1,1.63,3.34,8.26,8.26,0,0,1,.46,2.14,5.16,5.16,0,0,1-.51,2.65,5.28,5.28,0,0,1-1.82,2,7.81,7.81,0,0,1-2,.95,17.21,17.21,0,0,1-3.7.74c-1.2.14-2.35.16-3.5.2-.57,0-1.16,0-1.74,0s-1.16,0-1.74-.06a37.32,37.32,0,0,1-7-1A53.2,53.2,0,0,1,60,203.22c-4.24-1.69-8.18-3.47-12.3-5.17A86.11,86.11,0,0,1,24.8,183.19,184.7,184.7,0,0,1,6.07,163.77,32.05,32.05,0,0,1,2,157.61a17.85,17.85,0,0,1-2-7.87,14.14,14.14,0,0,1,.73-4.32,15,15,0,0,1,2-3.8,20.5,20.5,0,0,1,5.87-5.26,31.37,31.37,0,0,1,3.3-1.73,28.26,28.26,0,0,1,3.53-1.31l6.43-1.71c4.26-1.16,8.55-2.22,12.82-3.35,17.11-4.39,34.27-8.76,51-14.37,8.36-2.83,16.74-5.74,24.78-9.26a36.94,36.94,0,0,0,10.71-7.2,19.11,19.11,0,0,0,5.62-11.06,26,26,0,0,0-1.84-12.43,65.42,65.42,0,0,0-6-11.5,46.83,46.83,0,0,0-8.33-9.81,60,60,0,0,0-10.42-7.7,34.6,34.6,0,0,0-12-4.49,19.94,19.94,0,0,0-6.31,0A16.88,16.88,0,0,0,76,42.52c-.45.29-.91.56-1.34.87l-1.27,1L71,46.57c-.79.75-1.53,1.56-2.31,2.32s-1.45,1.64-2.1,2.5a16.46,16.46,0,0,0-3,5.73l-.1.39-.05.4-.1.8a7.24,7.24,0,0,0,.12,1.61A5.09,5.09,0,0,0,65,63.16Z\" fill=\"currentColor\" \/>\n                        <path d=\"M153.37,14.59c-1-1.09-2-2.15-3.1-3.17s-2.12-2.06-3.23-3a34,34,0,0,0-7-5c-.3-.17-.62-.28-.93-.42s-.31-.14-.47-.19l-.46-.12a3.8,3.8,0,0,0-1.7-.2,1.34,1.34,0,0,0-1,.62A3.87,3.87,0,0,0,135,4.59a17.23,17.23,0,0,0-.08,4.06c.1,1.42.28,2.86.48,4.32l.29,2.21.25,2.21c.15,1.4.39,2.84.64,4.27.51,2.87,1.15,5.73,1.78,8.6,1.25,5.74,2.74,11.44,4.21,17.15s3.1,11.36,4.8,17,3.45,11.27,5.37,16.83,4,11.08,6.23,16.48c1.16,2.69,2.39,5.34,3.73,7.92a37.9,37.9,0,0,0,4.64,7.17l.06.06a1.79,1.79,0,0,1,.36.73,1.83,1.83,0,0,1,0,.47,1.51,1.51,0,0,1-.26.61,1.75,1.75,0,0,1-.24.23,1.27,1.27,0,0,1-.54.25,1.75,1.75,0,0,1-.72,0,2.77,2.77,0,0,1-.41-.12,5,5,0,0,1-1.17-.61,9.64,9.64,0,0,1-1.76-1.55,15.66,15.66,0,0,1-2.48-3.7,27.23,27.23,0,0,1-2.41-8.24,45.9,45.9,0,0,1-.33-8.45,68.77,68.77,0,0,1,1-8.33,74.86,74.86,0,0,0-.22,8.34,47.13,47.13,0,0,0,.93,8.2,25.67,25.67,0,0,0,2.74,7.59,14.77,14.77,0,0,0,2.34,3.1,7.92,7.92,0,0,0,1.43,1.15,3.6,3.6,0,0,0,.69.32l.09,0s0,0-.2,0L166,113a.56.56,0,0,0-.15.1.81.81,0,0,0-.19.18,1,1,0,0,0-.2.49,1,1,0,0,0,0,.34.8.8,0,0,0,.11.28l.06.06c-4.29-4.61-6.9-10.05-9.51-15.43s-4.77-10.94-6.82-16.53c-4.13-11.17-7.6-22.54-10.7-34-1.55-5.74-2.89-11.53-4.13-17.36-.6-2.92-1.1-5.87-1.54-8.85-.21-1.49-.41-3-.52-4.52l-.32-4.41c-.11-1.49-.21-3-.24-4.53a19.64,19.64,0,0,1,.4-4.78,6.64,6.64,0,0,1,1.18-2.54A4,4,0,0,1,136.24,0a6.15,6.15,0,0,1,2.64.47l.59.22c.19.08.36.18.54.27.35.19.73.35,1.06.57a34,34,0,0,1,6.83,6A65.32,65.32,0,0,1,153.37,14.59Z\" fill=\"currentColor\" \/>\n                        <path d=\"M173.39,97.47c-.73-7-1.2-13.73-2.14-20.41-.5-3.36-1.05-6.81-1.63-10.18s-1.23-6.71-2.05-10-1.79-6.57-2.74-9.91-1.85-6.64-3-9.66a19.83,19.83,0,0,0-.95-2.1,5.08,5.08,0,0,0-1-1.4c-.11-.08-.16-.12-.08-.07s.06,0,.08,0,0,0-.05,0a4.12,4.12,0,0,0-1.18.93,24.74,24.74,0,0,0-2.71,3.8c-.43.7-.84,1.44-1.24,2.16l-1.12,2.2A34.06,34.06,0,0,0,150.51,52a18,18,0,0,0,.66,9,14.38,14.38,0,0,0,5.65,6.77c.66.4,1.34.77,2,1.13s1.46.65,2.17.88a17,17,0,0,0,4.54.8,38.27,38.27,0,0,0,9.77-1,72.62,72.62,0,0,0,9.67-2.9c3.15-1.21,6.27-2.54,9.37-3.93a95.33,95.33,0,0,0,9.2-4.63h0A47.41,47.41,0,0,0,193,71.26a27.11,27.11,0,0,0-1.65,3.8,20.9,20.9,0,0,0-1,4,17.64,17.64,0,0,0,.6,8,26.37,26.37,0,0,0,3.92,7.1A21.44,21.44,0,0,0,201,99.47a33.08,33.08,0,0,0,7.49,3.28,43.24,43.24,0,0,0,8.12,1.69h.05a.78.78,0,0,1,.6.48,1.07,1.07,0,0,1,.07.5,2.7,2.7,0,0,1-.18.69,6.34,6.34,0,0,1-.62,1.07A16.38,16.38,0,0,1,215,109c.36-.7.71-1.39,1-2.09a9.27,9.27,0,0,0,.36-1,1.6,1.6,0,0,0,0-.44c0-.06,0-.1,0-.08s0,.08.17.12h.06a29.18,29.18,0,0,1-8.63-.85,28,28,0,0,1-8.07-3.36,23.7,23.7,0,0,1-6.57-5.89,27.36,27.36,0,0,1-4.08-7.79,18.59,18.59,0,0,1-.39-8.8,25,25,0,0,1,3.14-8.1,38.31,38.31,0,0,1,5.2-6.82,42.79,42.79,0,0,1,6.39-5.64h0a20.81,20.81,0,0,1-3.63,3.87,41.18,41.18,0,0,1-4.26,3.16,54.49,54.49,0,0,1-9.41,4.8,74.93,74.93,0,0,1-10.1,3.3,41.72,41.72,0,0,1-10.78,1.32,21.27,21.27,0,0,1-5.66-.87c-.94-.29-1.77-.67-2.66-1s-1.7-.85-2.53-1.33A18.63,18.63,0,0,1,147,62.66,22.33,22.33,0,0,1,146,51.29a38.06,38.06,0,0,1,3.34-10.5l1.23-2.42c.44-.78.87-1.56,1.35-2.33a28.35,28.35,0,0,1,3.33-4.6,8.35,8.35,0,0,1,3-2.12,5.39,5.39,0,0,1,1.2-.29,4.79,4.79,0,0,1,1.36.07l.67.19a5.94,5.94,0,0,1,.57.27,5.15,5.15,0,0,1,1,.65A9.34,9.34,0,0,1,165,33a24.66,24.66,0,0,1,1.18,2.62c1.3,3.44,2.2,6.78,3.12,10.13s1.82,6.69,2.6,10.13,1.4,6.9,1.93,10.34,1,6.84,1.46,10.33a50.08,50.08,0,0,1,.28,10.6A37.12,37.12,0,0,1,173.39,97.47Z\" fill=\"currentColor\" \/>\n                    <\/g>\n                <\/svg>\n            <\/div>\n        <\/div>\n    <\/div>\n<\/section>\n","protected":false},"excerpt":{"rendered":"","protected":false},"author":1,"featured_media":0,"parent":0,"menu_order":1,"comment_status":"closed","ping_status":"closed","template":"","meta":[],"acf":[],"yoast_head":"<!-- This site is optimized with the Yoast SEO plugin v20.0 - https:\/\/yoast.com\/wordpress\/plugins\/seo\/ -->\n<title>Home - Bopat<\/title>\n<meta name=\"robots\" content=\"index, follow, max-snippet:-1, max-image-preview:large, max-video-preview:-1\" \/>\n<link rel=\"canonical\" href=\"https:\/\/bopat.sk\/de\/\" \/>\n<meta property=\"og:locale\" content=\"de_DE\" \/>\n<meta property=\"og:type\" content=\"article\" \/>\n<meta property=\"og:title\" content=\"Home - Bopat\" \/>\n<meta property=\"og:url\" content=\"https:\/\/bopat.sk\/de\/\" \/>\n<meta property=\"og:site_name\" content=\"Bopat\" \/>\n<meta property=\"article:modified_time\" content=\"2021-04-16T09:36:02+00:00\" \/>\n<meta name=\"twitter:card\" content=\"summary_large_image\" \/>\n<script type=\"application\/ld+json\" class=\"yoast-schema-graph\">{\"@context\":\"https:\/\/schema.org\",\"@graph\":[{\"@type\":\"WebPage\",\"@id\":\"https:\/\/bopat.sk\/de\/\",\"url\":\"https:\/\/bopat.sk\/de\/\",\"name\":\"Home - Bopat\",\"isPartOf\":{\"@id\":\"https:\/\/bopat.sk\/#website\"},\"datePublished\":\"2021-04-15T12:12:36+00:00\",\"dateModified\":\"2021-04-16T09:36:02+00:00\",\"breadcrumb\":{\"@id\":\"https:\/\/bopat.sk\/de\/#breadcrumb\"},\"inLanguage\":\"de-DE\",\"potentialAction\":[{\"@type\":\"ReadAction\",\"target\":[\"https:\/\/bopat.sk\/de\/\"]}]},{\"@type\":\"BreadcrumbList\",\"@id\":\"https:\/\/bopat.sk\/de\/#breadcrumb\",\"itemListElement\":[{\"@type\":\"ListItem\",\"position\":1,\"name\":\"Domovsk\u00e1 str\u00e1nka\",\"item\":\"https:\/\/bopat.sk\/de\/\"},{\"@type\":\"ListItem\",\"position\":2,\"name\":\"Home\"}]},{\"@type\":\"WebSite\",\"@id\":\"https:\/\/bopat.sk\/#website\",\"url\":\"https:\/\/bopat.sk\/\",\"name\":\"Bopat\",\"description\":\"\",\"potentialAction\":[{\"@type\":\"SearchAction\",\"target\":{\"@type\":\"EntryPoint\",\"urlTemplate\":\"https:\/\/bopat.sk\/?s={search_term_string}\"},\"query-input\":\"required name=search_term_string\"}],\"inLanguage\":\"de-DE\"}]}<\/script>\n<!-- \/ Yoast SEO plugin. -->","yoast_head_json":{"title":"Home - Bopat","robots":{"index":"index","follow":"follow","max-snippet":"max-snippet:-1","max-image-preview":"max-image-preview:large","max-video-preview":"max-video-preview:-1"},"canonical":"https:\/\/bopat.sk\/de\/","og_locale":"de_DE","og_type":"article","og_title":"Home - Bopat","og_url":"https:\/\/bopat.sk\/de\/","og_site_name":"Bopat","article_modified_time":"2021-04-16T09:36:02+00:00","twitter_card":"summary_large_image","schema":{"@context":"https:\/\/schema.org","@graph":[{"@type":"WebPage","@id":"https:\/\/bopat.sk\/de\/","url":"https:\/\/bopat.sk\/de\/","name":"Home - Bopat","isPartOf":{"@id":"https:\/\/bopat.sk\/#website"},"datePublished":"2021-04-15T12:12:36+00:00","dateModified":"2021-04-16T09:36:02+00:00","breadcrumb":{"@id":"https:\/\/bopat.sk\/de\/#breadcrumb"},"inLanguage":"de-DE","potentialAction":[{"@type":"ReadAction","target":["https:\/\/bopat.sk\/de\/"]}]},{"@type":"BreadcrumbList","@id":"https:\/\/bopat.sk\/de\/#breadcrumb","itemListElement":[{"@type":"ListItem","position":1,"name":"Domovsk\u00e1 str\u00e1nka","item":"https:\/\/bopat.sk\/de\/"},{"@type":"ListItem","position":2,"name":"Home"}]},{"@type":"WebSite","@id":"https:\/\/bopat.sk\/#website","url":"https:\/\/bopat.sk\/","name":"Bopat","description":"","potentialAction":[{"@type":"SearchAction","target":{"@type":"EntryPoint","urlTemplate":"https:\/\/bopat.sk\/?s={search_term_string}"},"query-input":"required name=search_term_string"}],"inLanguage":"de-DE"}]}},"_links":{"self":[{"href":"https:\/\/bopat.sk\/de\/wp-json\/wp\/v2\/pages\/113"}],"collection":[{"href":"https:\/\/bopat.sk\/de\/wp-json\/wp\/v2\/pages"}],"about":[{"href":"https:\/\/bopat.sk\/de\/wp-json\/wp\/v2\/types\/page"}],"author":[{"embeddable":true,"href":"https:\/\/bopat.sk\/de\/wp-json\/wp\/v2\/users\/1"}],"replies":[{"embeddable":true,"href":"https:\/\/bopat.sk\/de\/wp-json\/wp\/v2\/comments?post=113"}],"version-history":[{"count":0,"href":"https:\/\/bopat.sk\/de\/wp-json\/wp\/v2\/pages\/113\/revisions"}],"wp:attachment":[{"href":"https:\/\/bopat.sk\/de\/wp-json\/wp\/v2\/media?parent=113"}],"curies":[{"name":"wp","href":"https:\/\/api.w.org\/{rel}","templated":true}]}}